{"id":40,"date":"2022-12-15T20:48:05","date_gmt":"2022-12-15T19:48:05","guid":{"rendered":"http:\/\/www.mtkonstruktion.nu\/?page_id=40"},"modified":"2025-06-11T12:05:49","modified_gmt":"2025-06-11T10:05:49","slug":"home","status":"publish","type":"page","link":"http:\/\/www.mtkonstruktion.nu\/","title":{"rendered":"Hem"},"content":{"rendered":"<h1>MTKonstruktion AB<\/h1>\n<p>MTKonstruktion st\u00e5r som en ledande kraft inom den specialiserade sektorn f\u00f6r mast- och tornbyggnadstj\u00e4nster. Etablerat [grundningsdatum] har v\u00e5rt f\u00f6retag framtr\u00e4tt som en p\u00e5litlig partner f\u00f6r kunder som s\u00f6ker robusta och innovativa l\u00f6sningar inom telekommunikations- och infrastruktursektorerna.<\/p>\n<p><a href=\"?page_id=34\">Om oss<\/a><\/p>\n<h2>Produkter<\/h2>\n<figure><img loading=\"lazy\" decoding=\"async\" class=\"shrinkToFit\" src=\"https:\/\/upload.wikimedia.org\/wikipedia\/commons\/1\/1e\/Skinnarviksberget_2008.JPG\" alt=\"https:\/\/upload.wikimedia.org\/wikipedia\/commons\/1\/1e\/Skinnarviksberget_2008.JPG\" width=\"439\" height=\"585\" \/><\/figure>\n<p><a href=\"?page_id=2\">Mer Produkter<\/a><\/p>\n","protected":false},"excerpt":{"rendered":"<p>MTKonstruktion AB MTKonstruktion st\u00e5r som en ledande kraft inom den specialiserade sektorn f\u00f6r mast- och tornbyggnadstj\u00e4nster. Etablerat [grundningsdatum] har v\u00e5rt f\u00f6retag framtr\u00e4tt som en p\u00e5litlig partner f\u00f6r kunder som s\u00f6ker robusta och innovativa l\u00f6sningar inom telekommunikations- och infrastruktursektorerna. Om oss Produkter Mer Produkter<\/p>\n","protected":false},"author":1,"featured_media":0,"parent":0,"menu_order":0,"comment_status":"closed","ping_status":"closed","template":"","meta":{"neve_meta_sidebar":"","neve_meta_container":"","neve_meta_enable_content_width":"","neve_meta_content_width":0,"neve_meta_title_alignment":"","neve_meta_author_avatar":"","neve_post_elements_order":"","neve_meta_disable_header":"","neve_meta_disable_footer":"","neve_meta_disable_title":"","footnotes":""},"class_list":["post-40","page","type-page","status-publish","hentry"],"_links":{"self":[{"href":"http:\/\/www.mtkonstruktion.nu\/index.php?rest_route=\/wp\/v2\/pages\/40","targetHints":{"allow":["GET"]}}],"collection":[{"href":"http:\/\/www.mtkonstruktion.nu\/index.php?rest_route=\/wp\/v2\/pages"}],"about":[{"href":"http:\/\/www.mtkonstruktion.nu\/index.php?rest_route=\/wp\/v2\/types\/page"}],"author":[{"embeddable":true,"href":"http:\/\/www.mtkonstruktion.nu\/index.php?rest_route=\/wp\/v2\/users\/1"}],"replies":[{"embeddable":true,"href":"http:\/\/www.mtkonstruktion.nu\/index.php?rest_route=%2Fwp%2Fv2%2Fcomments&post=40"}],"version-history":[{"count":9,"href":"http:\/\/www.mtkonstruktion.nu\/index.php?rest_route=\/wp\/v2\/pages\/40\/revisions"}],"predecessor-version":[{"id":96,"href":"http:\/\/www.mtkonstruktion.nu\/index.php?rest_route=\/wp\/v2\/pages\/40\/revisions\/96"}],"wp:attachment":[{"href":"http:\/\/www.mtkonstruktion.nu\/index.php?rest_route=%2Fwp%2Fv2%2Fmedia&parent=40"}],"curies":[{"name":"wp","href":"https:\/\/api.w.org\/{rel}","templated":true}]}}