{"id":34,"date":"2022-12-15T20:48:04","date_gmt":"2022-12-15T19:48:04","guid":{"rendered":"http:\/\/www.mtkonstruktion.nu\/?page_id=34"},"modified":"2023-12-27T15:22:59","modified_gmt":"2023-12-27T14:22:59","slug":"about-us","status":"publish","type":"page","link":"http:\/\/www.mtkonstruktion.nu\/?page_id=34","title":{"rendered":"Om oss"},"content":{"rendered":"<p>MTKonstruktion &#8211; Biografi f\u00f6r Mast- och Tornbyggnadstj\u00e4nster<\/p>\n<p><strong>\u00d6versikt:<\/strong><br \/>\nMTKonstruktion st\u00e5r som en ledande kraft inom den specialiserade sektorn f\u00f6r mast- och tornbyggnadstj\u00e4nster. Etablerat [grundningsdatum] har v\u00e5rt f\u00f6retag framtr\u00e4tt som en p\u00e5litlig partner f\u00f6r kunder som s\u00f6ker robusta och innovativa l\u00f6sningar inom telekommunikations- och infrastruktursektorerna.<\/p>\n<p><strong>Grundningshistoria:<\/strong><br \/>\nGrundat av Mats Lindberg, f\u00f6ddes MTKonstruktion ur en vision att revolutionera landskapet f\u00f6r mast- och tornbyggnad. Med en djup f\u00f6rst\u00e5else f\u00f6r dessa strukturers kritiska roll inom modern konnektivitet, begav sig v\u00e5ra grundare ut f\u00f6r att etablera ett f\u00f6retag som skulle prioritera excellens, s\u00e4kerhet och toppmodern ingenj\u00f6rskonst.<\/p>\n<p><strong>Milstolpar:<\/strong><br \/>\nUnder \u00e5ren har MTKonstruktion n\u00e5tt anm\u00e4rkningsv\u00e4rda milstolpar och satt riktlinjer inom mast- och tornbyggnadsindustrin. Fr\u00e5n framg\u00e5ngsrik slutf\u00f6rande av [n\u00e4mn betydelsefulla projekt] till att f\u00e5 erk\u00e4nnanden f\u00f6r v\u00e5r h\u00e4ngivenhet till s\u00e4kerhet och kvalitet, speglar varje milstolpe v\u00e5r str\u00e4van efter att leverera enast\u00e5ende tj\u00e4nster.<\/p>\n<p><strong>Uppdrag:<\/strong><br \/>\nP\u00e5 MTKonstruktion \u00e4r v\u00e5rt uppdrag tydligt &#8211; att vara den f\u00f6redragna partnern f\u00f6r mast- och tornbyggnadstj\u00e4nster genom att konsekvent leverera h\u00f6gkvalitativa, s\u00e4kra och innovativa l\u00f6sningar. Vi \u00e4r dedikerade till att st\u00f6dja tillv\u00e4xten av global konnektivitet genom att tillhandah\u00e5lla p\u00e5litlig infrastruktur som m\u00f6ter kraven fr\u00e5n den digitala eran.<\/p>\n<p><strong>V\u00e4rderingar:<\/strong><br \/>\nIntegritet, s\u00e4kerhet, innovation och kundn\u00f6jdhet utg\u00f6r h\u00f6rnstenarna i v\u00e5rt f\u00f6retag. Vi h\u00e5ller oss till de h\u00f6gsta etiska standarderna, prioriterar s\u00e4kerheten f\u00f6r v\u00e5r arbetskraft och de samh\u00e4llen vi betj\u00e4nar, fr\u00e4mjar en kultur av kontinuerlig innovation och ser till att v\u00e5ra kunders f\u00f6rv\u00e4ntningar inte bara uppfylls, utan \u00f6vertr\u00e4ffas.<\/p>\n<p><strong>Expertis:<\/strong><br \/>\nMed inriktning p\u00e5 mast- och tornbyggnad bringar MTKonstruktion en rikedom av expertis till varje projekt. V\u00e5rt team av skickliga ingenj\u00f6rer, tekniker och projektledare samarbetar s\u00f6ml\u00f6st f\u00f6r att designa, bygga och underh\u00e5lla strukturer som st\u00e5r emot tidens pr\u00f6vningar och teknologins framsteg.<\/p>\n<p><strong>Innovation och Teknologi:<\/strong><br \/>\nI en era som definieras av snabba teknologiska framsteg omfamnar MTKonstruktion innovation och investerar i toppmodern teknik. Fr\u00e5n avancerade byggtekniker till toppmoderna material h\u00e5ller vi oss i framkant av branschtrenderna, s\u00e4kerst\u00e4ller att v\u00e5ra kunder drar nytta av de mest effektiva och p\u00e5litliga l\u00f6sningarna.<\/p>\n<p><strong>Framtidsutsikter:<\/strong><br \/>\nI takt med den \u00f6kande efterfr\u00e5gan p\u00e5 robust och skalbar kommunikationsinfrastruktur \u00e4r MTKonstruktion redo f\u00f6r en sp\u00e4nnande framtid. Vi \u00e5tar oss att ut\u00f6ka v\u00e5ra m\u00f6jligheter, utforska nya marknader och bidra till utvecklingen av global konnektivitet. MTKonstruktion f\u00f6rblir stadig i sin h\u00e4ngivenhet till excellens, s\u00e4kerhet och framsteg inom mast- och tornbyggnadstj\u00e4nster.<\/p>\n<p>MTKonstruktion &#8211; Bygger Konnektivitet, Formar Framtiden.<\/p>\n","protected":false},"excerpt":{"rendered":"<p>MTKonstruktion &#8211; Biografi f\u00f6r Mast- och Tornbyggnadstj\u00e4nster \u00d6versikt: MTKonstruktion st\u00e5r som en ledande kraft inom den specialiserade sektorn f\u00f6r mast- och tornbyggnadstj\u00e4nster. Etablerat [grundningsdatum] har v\u00e5rt f\u00f6retag framtr\u00e4tt som en p\u00e5litlig partner f\u00f6r kunder som s\u00f6ker robusta och innovativa l\u00f6sningar inom telekommunikations- och infrastruktursektorerna. Grundningshistoria: Grundat av Mats Lindberg, f\u00f6ddes MTKonstruktion ur en vision att&hellip;&nbsp;<a href=\"http:\/\/www.mtkonstruktion.nu\/?page_id=34\" class=\"\" rel=\"bookmark\">L\u00e4s mer &raquo;<span class=\"screen-reader-text\">Om oss<\/span><\/a><\/p>\n","protected":false},"author":1,"featured_media":0,"parent":0,"menu_order":0,"comment_status":"closed","ping_status":"closed","template":"","meta":{"neve_meta_sidebar":"","neve_meta_container":"","neve_meta_enable_content_width":"","neve_meta_content_width":0,"neve_meta_title_alignment":"","neve_meta_author_avatar":"","neve_post_elements_order":"","neve_meta_disable_header":"","neve_meta_disable_footer":"","neve_meta_disable_title":"","footnotes":""},"class_list":["post-34","page","type-page","status-publish","hentry"],"_links":{"self":[{"href":"http:\/\/www.mtkonstruktion.nu\/index.php?rest_route=\/wp\/v2\/pages\/34","targetHints":{"allow":["GET"]}}],"collection":[{"href":"http:\/\/www.mtkonstruktion.nu\/index.php?rest_route=\/wp\/v2\/pages"}],"about":[{"href":"http:\/\/www.mtkonstruktion.nu\/index.php?rest_route=\/wp\/v2\/types\/page"}],"author":[{"embeddable":true,"href":"http:\/\/www.mtkonstruktion.nu\/index.php?rest_route=\/wp\/v2\/users\/1"}],"replies":[{"embeddable":true,"href":"http:\/\/www.mtkonstruktion.nu\/index.php?rest_route=%2Fwp%2Fv2%2Fcomments&post=34"}],"version-history":[{"count":5,"href":"http:\/\/www.mtkonstruktion.nu\/index.php?rest_route=\/wp\/v2\/pages\/34\/revisions"}],"predecessor-version":[{"id":79,"href":"http:\/\/www.mtkonstruktion.nu\/index.php?rest_route=\/wp\/v2\/pages\/34\/revisions\/79"}],"wp:attachment":[{"href":"http:\/\/www.mtkonstruktion.nu\/index.php?rest_route=%2Fwp%2Fv2%2Fmedia&parent=34"}],"curies":[{"name":"wp","href":"https:\/\/api.w.org\/{rel}","templated":true}]}}